{"id":394,"date":"2024-09-05T23:27:12","date_gmt":"2024-09-05T23:27:12","guid":{"rendered":"https:\/\/nanosites.com.br\/modelo\/?page_id=394"},"modified":"2024-09-06T12:22:55","modified_gmt":"2024-09-06T12:22:55","slug":"politica-de-privacidade","status":"publish","type":"page","link":"https:\/\/nanosites.com.br\/modelo\/politica-de-privacidade\/","title":{"rendered":"Pol\u00edtica de Privacidade"},"content":{"rendered":"\t\t<div data-elementor-type=\"wp-page\" data-elementor-id=\"394\" class=\"elementor elementor-394\" data-elementor-post-type=\"page\">\n\t\t\t\t<div class=\"elementor-element elementor-element-36538cc e-con-full e-flex e-con e-parent\" data-id=\"36538cc\" data-element_type=\"container\" data-e-type=\"container\">\n\t\t\t\t<div class=\"elementor-element elementor-element-371cb60 elementor-invisible elementor-widget elementor-widget-image\" data-id=\"371cb60\" data-element_type=\"widget\" data-e-type=\"widget\" data-settings=\"{&quot;_animation&quot;:&quot;bounceInDown&quot;}\" data-widget_type=\"image.default\">\n\t\t\t\t<div class=\"elementor-widget-container\">\n\t\t\t\t\t\t\t\t\t\t\t\t\t\t\t<img fetchpriority=\"high\" decoding=\"async\" width=\"800\" height=\"213\" src=\"https:\/\/nanosites.com.br\/modelo\/wp-content\/uploads\/2024\/09\/LOGO_NANOSITES.png\" class=\"attachment-2048x2048 size-2048x2048 wp-image-15\" alt=\"\" srcset=\"https:\/\/nanosites.com.br\/modelo\/wp-content\/uploads\/2024\/09\/LOGO_NANOSITES.png 800w, https:\/\/nanosites.com.br\/modelo\/wp-content\/uploads\/2024\/09\/LOGO_NANOSITES-300x80.png 300w, https:\/\/nanosites.com.br\/modelo\/wp-content\/uploads\/2024\/09\/LOGO_NANOSITES-768x204.png 768w\" sizes=\"(max-width: 800px) 100vw, 800px\" \/>\t\t\t\t\t\t\t\t\t\t\t\t\t\t\t<\/div>\n\t\t\t\t<\/div>\n\t\t\t\t<div class=\"elementor-element elementor-element-0cfab71 elementor-invisible elementor-widget elementor-widget-heading\" data-id=\"0cfab71\" data-element_type=\"widget\" data-e-type=\"widget\" data-settings=\"{&quot;_animation&quot;:&quot;bounceInUp&quot;}\" data-widget_type=\"heading.default\">\n\t\t\t\t<div class=\"elementor-widget-container\">\n\t\t\t\t\t<h2 class=\"elementor-heading-title elementor-size-default\">Pequenos Sites Grandes Resultados<\/h2>\t\t\t\t<\/div>\n\t\t\t\t<\/div>\n\t\t\t\t<\/div>\n\t\t<div class=\"elementor-element elementor-element-46cb9f55 e-flex e-con-boxed e-con e-parent\" data-id=\"46cb9f55\" data-element_type=\"container\" data-e-type=\"container\">\n\t\t\t\t\t<div class=\"e-con-inner\">\n\t\t\t\t<div class=\"elementor-element elementor-element-40d966c elementor-widget-divider--view-line elementor-widget elementor-widget-divider\" data-id=\"40d966c\" data-element_type=\"widget\" data-e-type=\"widget\" data-widget_type=\"divider.default\">\n\t\t\t\t<div class=\"elementor-widget-container\">\n\t\t\t\t\t\t\t<div class=\"elementor-divider\">\n\t\t\t<span class=\"elementor-divider-separator\">\n\t\t\t\t\t\t<\/span>\n\t\t<\/div>\n\t\t\t\t\t\t<\/div>\n\t\t\t\t<\/div>\n\t\t\t\t<div class=\"elementor-element elementor-element-5f045d9 elementor-widget-divider--view-line elementor-widget elementor-widget-divider\" data-id=\"5f045d9\" data-element_type=\"widget\" data-e-type=\"widget\" data-widget_type=\"divider.default\">\n\t\t\t\t<div class=\"elementor-widget-container\">\n\t\t\t\t\t\t\t<div class=\"elementor-divider\">\n\t\t\t<span class=\"elementor-divider-separator\">\n\t\t\t\t\t\t<\/span>\n\t\t<\/div>\n\t\t\t\t\t\t<\/div>\n\t\t\t\t<\/div>\n\t\t\t\t<div class=\"elementor-element elementor-element-34b8860f elementor-widget elementor-widget-text-editor\" data-id=\"34b8860f\" data-element_type=\"widget\" data-e-type=\"widget\" data-widget_type=\"text-editor.default\">\n\t\t\t\t<div class=\"elementor-widget-container\">\n\t\t\t\t\t\t\t\t\t\n<h3 class=\"wp-block-heading\">Quem somos<\/h3>\n\n<p><strong class=\"privacy-policy-tutorial\">\u00a0<\/strong>O endere\u00e7o do nosso site \u00e9: http,s:\/\/nanosites.com.br.<\/p>\n\n<h3 class=\"wp-block-heading\">Coment\u00e1rios<\/h3>\n\n<p>Quando os visitantes deixam coment\u00e1rios no site, coletamos os dados mostrados no formul\u00e1rio de coment\u00e1rios, al\u00e9m do endere\u00e7o de IP e de dados do navegador do visitante, para auxiliar na detec\u00e7\u00e3o de spam.<\/p>\n\n<p>Uma sequ\u00eancia anonimizada de caract<span style=\"font-family: var(--global-body-font-family);\">hash) poder\u00e1 ser enviada para o<\/span><span style=\"font-family: var(--global-body-font-family);\">eres criada a partir do seu e-mail (tamb\u00e9m chamada de\u00a0 Gravatar para verificar se voc\u00ea usa o servi\u00e7o. A pol\u00edtica de privacidade do Gravatar est\u00e1 dispon\u00edvel aqui: https:\/\/automattic.com\/privacy\/. Depois da aprova\u00e7\u00e3o do seu coment\u00e1rio, a foto do seu perfil fica vis\u00edvel publicamente junto de seu coment\u00e1rio.<\/span><\/p>\n\n<h3 class=\"wp-block-heading\">M\u00eddia<\/h3>\n\n<p>Se voc\u00ea envia imagens para o site, evite enviar as que contenham dados de localiza\u00e7\u00e3o incorporados (EXIF GPS). Visitantes podem baixar estas imagens do site e extrair delas seus dados de localiza\u00e7\u00e3o.<\/p>\n\n<h3 class=\"wp-block-heading\">Cookies<\/h3>\n\n<p>Ao deixar um coment\u00e1rio no site, voc\u00ea poder\u00e1 optar por salvar seu nome, e-mail e site nos cookies. Isso visa seu conforto, assim voc\u00ea n\u00e3o precisar\u00e1 preencher seus dados novamente quando fizer outro coment\u00e1rio. Estes cookies duram um ano.<\/p>\n\n<p>Se voc\u00ea tem uma conta e acessa este site, um cookie tempor\u00e1rio ser\u00e1 criado para determinar se seu navegador aceita cookies. Ele n\u00e3o cont\u00e9m nenhum dado pessoal e ser\u00e1 descartado quando voc\u00ea fechar seu navegador.<\/p>\n\n<p>Quando voc\u00ea acessa sua conta no site, tamb\u00e9m criamos v\u00e1rios cookies para salvar os dados da sua conta e suas escolhas de exibi\u00e7\u00e3o de tela. Cookies de login s\u00e3o mantidos por dois dias e cookies de op\u00e7\u00f5es de tela por um ano. Se voc\u00ea selecionar &#8220;Lembrar-me&#8221;, seu acesso ser\u00e1 mantido por duas semanas. Se voc\u00ea se desconectar da sua conta, os cookies de login ser\u00e3o removidos.<\/p>\n\n<p>Se voc\u00ea editar ou publicar um artigo, um cookie adicional ser\u00e1 salvo no seu navegador. Este cookie n\u00e3o inclui nenhum dado pessoal e simplesmente indica o ID do post referente ao artigo que voc\u00ea acabou de editar. Ele expira depois de 1 dia.<\/p>\n\n<h3 class=\"wp-block-heading\">M\u00eddia incorporada de outros sites<\/h3>\n\n<p>Artigos neste site podem incluir conte\u00fado incorporado como, por exemplo, v\u00eddeos, imagens, artigos, etc. Conte\u00fados incorporados de outros sites se comportam exatamente da mesma forma como se o visitante estivesse visitando o outro site.<\/p>\n\n<p>Estes sites podem coletar dados sobre voc\u00ea, usar cookies, incorporar rastreamento adicional de terceiros e monitorar sua intera\u00e7\u00e3o com este conte\u00fado incorporado, incluindo sua intera\u00e7\u00e3o com o conte\u00fado incorporado se voc\u00ea tem uma conta e est\u00e1 conectado com o site.<\/p>\n\n<h3 class=\"wp-block-heading\">Com quem compartilhamos seus dados<\/h3>\n\n<p>Se voc\u00ea solicitar uma redefini\u00e7\u00e3o de senha, seu endere\u00e7o de IP ser\u00e1 inclu\u00eddo no e-mail de redefini\u00e7\u00e3o de senha.<\/p>\n\n<h3 class=\"wp-block-heading\">Por quanto tempo mantemos os seus dados<\/h3>\n\n<p>Se voc\u00ea deixar um coment\u00e1rio, o coment\u00e1rio e os seus metadados s\u00e3o conservados indefinidamente. Fazemos isso para que seja poss\u00edvel reconhecer e aprovar automaticamente qualquer coment\u00e1rio posterior ao inv\u00e9s de ret\u00ea-lo para modera\u00e7\u00e3o.<\/p>\n\n<p>Para usu\u00e1rios que se registram no nosso site (se houver), tamb\u00e9m guardamos as informa\u00e7\u00f5es pessoais que fornecem no seu perfil de usu\u00e1rio. Todos os usu\u00e1rios podem ver, editar ou excluir suas informa\u00e7\u00f5es pessoais a qualquer momento (s\u00f3 n\u00e3o \u00e9 poss\u00edvel alterar o seu username). Os administradores de sites tamb\u00e9m podem ver e editar estas informa\u00e7\u00f5es.<\/p>\n\n<h3 class=\"wp-block-heading\">Quais os seus direitos sobre seus dados<\/h3>\n\n<p>Se voc\u00ea tiver uma conta neste site ou se tiver deixado coment\u00e1rios, pode solicitar um arquivo exportado dos dados pessoais que mantemos sobre voc\u00ea, inclusive quaisquer dados que nos tenha fornecido. Tamb\u00e9m pode solicitar que removamos qualquer dado pessoal que mantemos sobre voc\u00ea. Isto n\u00e3o inclui nenhuns dados que somos obrigados a manter para prop\u00f3sitos administrativos, legais ou de seguran\u00e7a.<\/p>\n\n<h3 class=\"wp-block-heading\">Para onde seus dados s\u00e3o enviados<\/h3>\n\n<p>Coment\u00e1rios de visitantes podem ser marcados por um servi\u00e7o autom\u00e1tico de detec\u00e7\u00e3o de spam.<\/p>\n\n<p>\u00a0<\/p>\t\t\t\t\t\t\t\t<\/div>\n\t\t\t\t<\/div>\n\t\t\t\t\t<\/div>\n\t\t\t\t<\/div>\n\t\t<div class=\"elementor-element elementor-element-ddb675c e-con-full e-flex elementor-invisible e-con e-parent\" data-id=\"ddb675c\" data-element_type=\"container\" data-e-type=\"container\" data-settings=\"{&quot;background_background&quot;:&quot;classic&quot;,&quot;animation&quot;:&quot;slideInUp&quot;}\">\n\t\t<div class=\"elementor-element elementor-element-88585cd e-con-full e-flex e-con e-child\" data-id=\"88585cd\" data-element_type=\"container\" data-e-type=\"container\">\n\t\t\t\t<div class=\"elementor-element elementor-element-5d69ee1 elementor-widget elementor-widget-text-editor\" data-id=\"5d69ee1\" data-element_type=\"widget\" data-e-type=\"widget\" data-widget_type=\"text-editor.default\">\n\t\t\t\t<div class=\"elementor-widget-container\">\n\t\t\t\t\t\t\t\t\t<p>2024 Copyright Oink! Inc. . Design <a href=\"https:\/\/www.zonazero.com.br\" target=\"_blank\" rel=\"noopener\">Zona Zero Intelig\u00eancia Digital<\/a><\/p>\t\t\t\t\t\t\t\t<\/div>\n\t\t\t\t<\/div>\n\t\t\t\t<\/div>\n\t\t<div class=\"elementor-element elementor-element-07afd5a e-flex e-con-boxed e-con e-child\" data-id=\"07afd5a\" data-element_type=\"container\" data-e-type=\"container\">\n\t\t\t\t\t<div class=\"e-con-inner\">\n\t\t\t\t<div class=\"elementor-element elementor-element-abcf39e elementor-nav-menu__align-center elementor-nav-menu--stretch elementor-nav-menu__text-align-center elementor-nav-menu--dropdown-tablet elementor-nav-menu--toggle elementor-nav-menu--burger elementor-widget elementor-widget-nav-menu\" data-id=\"abcf39e\" data-element_type=\"widget\" data-e-type=\"widget\" data-settings=\"{&quot;full_width&quot;:&quot;stretch&quot;,&quot;toggle_icon_hover_animation&quot;:&quot;pop&quot;,&quot;layout&quot;:&quot;horizontal&quot;,&quot;submenu_icon&quot;:{&quot;value&quot;:&quot;&lt;svg aria-hidden=\\&quot;true\\&quot; class=\\&quot;e-font-icon-svg e-fas-caret-down\\&quot; viewBox=\\&quot;0 0 320 512\\&quot; xmlns=\\&quot;http:\\\/\\\/www.w3.org\\\/2000\\\/svg\\&quot;&gt;&lt;path d=\\&quot;M31.3 192h257.3c17.8 0 26.7 21.5 14.1 34.1L174.1 354.8c-7.8 7.8-20.5 7.8-28.3 0L17.2 226.1C4.6 213.5 13.5 192 31.3 192z\\&quot;&gt;&lt;\\\/path&gt;&lt;\\\/svg&gt;&quot;,&quot;library&quot;:&quot;fa-solid&quot;},&quot;toggle&quot;:&quot;burger&quot;}\" data-widget_type=\"nav-menu.default\">\n\t\t\t\t<div class=\"elementor-widget-container\">\n\t\t\t\t\t\t\t\t<nav aria-label=\"Menu\" class=\"elementor-nav-menu--main elementor-nav-menu__container elementor-nav-menu--layout-horizontal e--pointer-underline e--animation-fade\">\n\t\t\t\t<ul id=\"menu-1-abcf39e\" class=\"elementor-nav-menu\"><li class=\"menu-item menu-item-type-post_type menu-item-object-page menu-item-446\"><a href=\"https:\/\/nanosites.com.br\/modelo\/modelo-de-nanosite-da-zona-zero\/\" class=\"elementor-item\">Home<\/a><\/li>\n<li class=\"menu-item menu-item-type-post_type menu-item-object-page menu-item-privacy-policy menu-item-445\"><a target=\"_blank\" rel=\"privacy-policy\" href=\"https:\/\/nanosites.com.br\/modelo\/politica-de-privacidade\/\" class=\"elementor-item\">Pol\u00edtica de Privacidade<\/a><\/li>\n<li class=\"menu-item menu-item-type-post_type menu-item-object-page menu-item-427\"><a target=\"_blank\" href=\"https:\/\/nanosites.com.br\/modelo\/politica-de-cookies-br\/\" class=\"elementor-item\">Pol\u00edtica de Cookies (BR)<\/a><\/li>\n<\/ul>\t\t\t<\/nav>\n\t\t\t\t\t<div class=\"elementor-menu-toggle\" role=\"button\" tabindex=\"0\" aria-label=\"Menu Toggle\" aria-expanded=\"false\">\n\t\t\t<svg aria-hidden=\"true\" role=\"presentation\" class=\"elementor-menu-toggle__icon--open elementor-animation-pop e-font-icon-svg e-eicon-menu-bar\" viewBox=\"0 0 1000 1000\" xmlns=\"http:\/\/www.w3.org\/2000\/svg\"><path d=\"M104 333H896C929 333 958 304 958 271S929 208 896 208H104C71 208 42 237 42 271S71 333 104 333ZM104 583H896C929 583 958 554 958 521S929 458 896 458H104C71 458 42 487 42 521S71 583 104 583ZM104 833H896C929 833 958 804 958 771S929 708 896 708H104C71 708 42 737 42 771S71 833 104 833Z\"><\/path><\/svg><svg aria-hidden=\"true\" role=\"presentation\" class=\"elementor-menu-toggle__icon--close elementor-animation-pop e-font-icon-svg e-eicon-close\" viewBox=\"0 0 1000 1000\" xmlns=\"http:\/\/www.w3.org\/2000\/svg\"><path d=\"M742 167L500 408 258 167C246 154 233 150 217 150 196 150 179 158 167 167 154 179 150 196 150 212 150 229 154 242 171 254L408 500 167 742C138 771 138 800 167 829 196 858 225 858 254 829L496 587 738 829C750 842 767 846 783 846 800 846 817 842 829 829 842 817 846 804 846 783 846 767 842 750 829 737L588 500 833 258C863 229 863 200 833 171 804 137 775 137 742 167Z\"><\/path><\/svg>\t\t<\/div>\n\t\t\t\t\t<nav class=\"elementor-nav-menu--dropdown elementor-nav-menu__container\" aria-hidden=\"true\">\n\t\t\t\t<ul id=\"menu-2-abcf39e\" class=\"elementor-nav-menu\"><li class=\"menu-item menu-item-type-post_type menu-item-object-page menu-item-446\"><a href=\"https:\/\/nanosites.com.br\/modelo\/modelo-de-nanosite-da-zona-zero\/\" class=\"elementor-item\" tabindex=\"-1\">Home<\/a><\/li>\n<li class=\"menu-item menu-item-type-post_type menu-item-object-page menu-item-privacy-policy menu-item-445\"><a target=\"_blank\" rel=\"privacy-policy\" href=\"https:\/\/nanosites.com.br\/modelo\/politica-de-privacidade\/\" class=\"elementor-item\" tabindex=\"-1\">Pol\u00edtica de Privacidade<\/a><\/li>\n<li class=\"menu-item menu-item-type-post_type menu-item-object-page menu-item-427\"><a target=\"_blank\" href=\"https:\/\/nanosites.com.br\/modelo\/politica-de-cookies-br\/\" class=\"elementor-item\" tabindex=\"-1\">Pol\u00edtica de Cookies (BR)<\/a><\/li>\n<\/ul>\t\t\t<\/nav>\n\t\t\t\t\t\t<\/div>\n\t\t\t\t<\/div>\n\t\t\t\t\t<\/div>\n\t\t\t\t<\/div>\n\t\t\t\t<\/div>\n\t\t\t\t<\/div>\n\t\t","protected":false},"excerpt":{"rendered":"<p>Pequenos Sites Grandes Resultados Quem somos \u00a0O endere\u00e7o do nosso site \u00e9: http,s:\/\/nanosites.com.br\/modelo. Coment\u00e1rios Quando os visitantes deixam coment\u00e1rios no site, coletamos os dados mostrados no formul\u00e1rio de coment\u00e1rios, al\u00e9m do endere\u00e7o de IP e de dados do navegador do visitante, para auxiliar na detec\u00e7\u00e3o de spam. Uma sequ\u00eancia anonimizada de caracthash) poder\u00e1 ser enviada&#8230;<\/p>\n","protected":false},"author":1,"featured_media":0,"parent":0,"menu_order":0,"comment_status":"closed","ping_status":"closed","template":"elementor_canvas","meta":{"_kadence_starter_templates_imported_post":false,"_kad_post_transparent":"","_kad_post_title":"","_kad_post_layout":"","_kad_post_sidebar_id":"","_kad_post_content_style":"","_kad_post_vertical_padding":"","_kad_post_feature":"","_kad_post_feature_position":"","_kad_post_header":false,"_kad_post_footer":false,"_joinchat":[],"footnotes":""},"class_list":["post-394","page","type-page","status-publish","hentry"],"yoast_head":"<!-- This site is optimized with the Yoast SEO plugin v27.1.1 - https:\/\/yoast.com\/product\/yoast-seo-wordpress\/ -->\n<title>Pol\u00edtica de Privacidade - NANOSITES - Zona Zero Intelig&ecirc;ncia Digital<\/title>\n<meta name=\"robots\" content=\"noindex, follow, max-snippet:-1, max-image-preview:large, max-video-preview:-1\" \/>\n<meta property=\"og:locale\" content=\"pt_BR\" \/>\n<meta property=\"og:type\" content=\"article\" \/>\n<meta property=\"og:title\" content=\"Pol\u00edtica de Privacidade - NANOSITES - Zona Zero Intelig&ecirc;ncia Digital\" \/>\n<meta property=\"og:description\" content=\"Pequenos Sites Grandes Resultados Quem somos \u00a0O endere\u00e7o do nosso site \u00e9: http,s:\/\/nanosites.com.br\/modelo. Coment\u00e1rios Quando os visitantes deixam coment\u00e1rios no site, coletamos os dados mostrados no formul\u00e1rio de coment\u00e1rios, al\u00e9m do endere\u00e7o de IP e de dados do navegador do visitante, para auxiliar na detec\u00e7\u00e3o de spam. Uma sequ\u00eancia anonimizada de caracthash) poder\u00e1 ser enviada...\" \/>\n<meta property=\"og:url\" content=\"https:\/\/nanosites.com.br\/modelo\/politica-de-privacidade\/\" \/>\n<meta property=\"og:site_name\" content=\"NANOSITES - Zona Zero Intelig&ecirc;ncia Digital\" \/>\n<meta property=\"article:publisher\" content=\"https:\/\/www.facebook.com\/zonazerointeligenciadigital\" \/>\n<meta property=\"article:modified_time\" content=\"2024-09-06T12:22:55+00:00\" \/>\n<meta property=\"og:image\" content=\"https:\/\/nanosites.com.br\/modelo\/wp-content\/uploads\/2024\/09\/LOGO_NANOSITES.png\" \/>\n<meta name=\"twitter:card\" content=\"summary_large_image\" \/>\n<meta name=\"twitter:label1\" content=\"Est. tempo de leitura\" \/>\n\t<meta name=\"twitter:data1\" content=\"4 minutos\" \/>\n<script type=\"application\/ld+json\" class=\"yoast-schema-graph\">{\"@context\":\"https:\/\/schema.org\",\"@graph\":[{\"@type\":\"WebPage\",\"@id\":\"https:\/\/nanosites.com.br\/modelo\/politica-de-privacidade\/\",\"url\":\"https:\/\/nanosites.com.br\/modelo\/politica-de-privacidade\/\",\"name\":\"Pol\u00edtica de Privacidade - NANOSITES - Zona Zero Intelig&ecirc;ncia Digital\",\"isPartOf\":{\"@id\":\"https:\/\/nanosites.com.br\/modelo\/#website\"},\"primaryImageOfPage\":{\"@id\":\"https:\/\/nanosites.com.br\/modelo\/politica-de-privacidade\/#primaryimage\"},\"image\":{\"@id\":\"https:\/\/nanosites.com.br\/modelo\/politica-de-privacidade\/#primaryimage\"},\"thumbnailUrl\":\"https:\/\/nanosites.com.br\/modelo\/wp-content\/uploads\/2024\/09\/LOGO_NANOSITES.png\",\"datePublished\":\"2024-09-05T23:27:12+00:00\",\"dateModified\":\"2024-09-06T12:22:55+00:00\",\"breadcrumb\":{\"@id\":\"https:\/\/nanosites.com.br\/modelo\/politica-de-privacidade\/#breadcrumb\"},\"inLanguage\":\"pt-BR\",\"potentialAction\":[{\"@type\":\"ReadAction\",\"target\":[\"https:\/\/nanosites.com.br\/modelo\/politica-de-privacidade\/\"]}]},{\"@type\":\"ImageObject\",\"inLanguage\":\"pt-BR\",\"@id\":\"https:\/\/nanosites.com.br\/modelo\/politica-de-privacidade\/#primaryimage\",\"url\":\"https:\/\/nanosites.com.br\/modelo\/wp-content\/uploads\/2024\/09\/LOGO_NANOSITES.png\",\"contentUrl\":\"https:\/\/nanosites.com.br\/modelo\/wp-content\/uploads\/2024\/09\/LOGO_NANOSITES.png\",\"width\":800,\"height\":213},{\"@type\":\"BreadcrumbList\",\"@id\":\"https:\/\/nanosites.com.br\/modelo\/politica-de-privacidade\/#breadcrumb\",\"itemListElement\":[{\"@type\":\"ListItem\",\"position\":1,\"name\":\"In\u00edcio\",\"item\":\"https:\/\/nanosites.com.br\/modelo\/\"},{\"@type\":\"ListItem\",\"position\":2,\"name\":\"Pol\u00edtica de Privacidade\"}]},{\"@type\":\"WebSite\",\"@id\":\"https:\/\/nanosites.com.br\/modelo\/#website\",\"url\":\"https:\/\/nanosites.com.br\/modelo\/\",\"name\":\"NANOSITES - Zona Zero Intelig\u00eancia Digital\",\"description\":\"Pequenos Sites Grandes Resultados\",\"publisher\":{\"@id\":\"https:\/\/nanosites.com.br\/modelo\/#organization\"},\"alternateName\":\"Sua Marca na Internet!\",\"potentialAction\":[{\"@type\":\"SearchAction\",\"target\":{\"@type\":\"EntryPoint\",\"urlTemplate\":\"https:\/\/nanosites.com.br\/modelo\/?s={search_term_string}\"},\"query-input\":{\"@type\":\"PropertyValueSpecification\",\"valueRequired\":true,\"valueName\":\"search_term_string\"}}],\"inLanguage\":\"pt-BR\"},{\"@type\":\"Organization\",\"@id\":\"https:\/\/nanosites.com.br\/modelo\/#organization\",\"name\":\"NANOSITES - Zona Zero Intelig\u00eancia Digital\",\"url\":\"https:\/\/nanosites.com.br\/modelo\/\",\"logo\":{\"@type\":\"ImageObject\",\"inLanguage\":\"pt-BR\",\"@id\":\"https:\/\/nanosites.com.br\/modelo\/#\/schema\/logo\/image\/\",\"url\":\"https:\/\/nanosites.com.br\/modelo\/wp-content\/uploads\/2024\/09\/logosite.png\",\"contentUrl\":\"https:\/\/nanosites.com.br\/modelo\/wp-content\/uploads\/2024\/09\/logosite.png\",\"width\":850,\"height\":221,\"caption\":\"NANOSITES - Zona Zero Intelig\u00eancia Digital\"},\"image\":{\"@id\":\"https:\/\/nanosites.com.br\/modelo\/#\/schema\/logo\/image\/\"},\"sameAs\":[\"https:\/\/www.facebook.com\/zonazerointeligenciadigital\",\"https:\/\/www.instagram.com\/zonazerocom\/\",\"https:\/\/br.pinterest.com\/zonazerocom\/\"]}]}<\/script>\n<!-- \/ Yoast SEO plugin. -->","yoast_head_json":{"title":"Pol\u00edtica de Privacidade - NANOSITES - Zona Zero Intelig&ecirc;ncia Digital","robots":{"index":"noindex","follow":"follow","max-snippet":"max-snippet:-1","max-image-preview":"max-image-preview:large","max-video-preview":"max-video-preview:-1"},"og_locale":"pt_BR","og_type":"article","og_title":"Pol\u00edtica de Privacidade - NANOSITES - Zona Zero Intelig&ecirc;ncia Digital","og_description":"Pequenos Sites Grandes Resultados Quem somos \u00a0O endere\u00e7o do nosso site \u00e9: http,s:\/\/nanosites.com.br\/modelo. Coment\u00e1rios Quando os visitantes deixam coment\u00e1rios no site, coletamos os dados mostrados no formul\u00e1rio de coment\u00e1rios, al\u00e9m do endere\u00e7o de IP e de dados do navegador do visitante, para auxiliar na detec\u00e7\u00e3o de spam. Uma sequ\u00eancia anonimizada de caracthash) poder\u00e1 ser enviada...","og_url":"https:\/\/nanosites.com.br\/modelo\/politica-de-privacidade\/","og_site_name":"NANOSITES - Zona Zero Intelig&ecirc;ncia Digital","article_publisher":"https:\/\/www.facebook.com\/zonazerointeligenciadigital","article_modified_time":"2024-09-06T12:22:55+00:00","og_image":[{"url":"https:\/\/nanosites.com.br\/modelo\/wp-content\/uploads\/2024\/09\/LOGO_NANOSITES.png","type":"","width":"","height":""}],"twitter_card":"summary_large_image","twitter_misc":{"Est. tempo de leitura":"4 minutos"},"schema":{"@context":"https:\/\/schema.org","@graph":[{"@type":"WebPage","@id":"https:\/\/nanosites.com.br\/modelo\/politica-de-privacidade\/","url":"https:\/\/nanosites.com.br\/modelo\/politica-de-privacidade\/","name":"Pol\u00edtica de Privacidade - NANOSITES - Zona Zero Intelig&ecirc;ncia Digital","isPartOf":{"@id":"https:\/\/nanosites.com.br\/modelo\/#website"},"primaryImageOfPage":{"@id":"https:\/\/nanosites.com.br\/modelo\/politica-de-privacidade\/#primaryimage"},"image":{"@id":"https:\/\/nanosites.com.br\/modelo\/politica-de-privacidade\/#primaryimage"},"thumbnailUrl":"https:\/\/nanosites.com.br\/modelo\/wp-content\/uploads\/2024\/09\/LOGO_NANOSITES.png","datePublished":"2024-09-05T23:27:12+00:00","dateModified":"2024-09-06T12:22:55+00:00","breadcrumb":{"@id":"https:\/\/nanosites.com.br\/modelo\/politica-de-privacidade\/#breadcrumb"},"inLanguage":"pt-BR","potentialAction":[{"@type":"ReadAction","target":["https:\/\/nanosites.com.br\/modelo\/politica-de-privacidade\/"]}]},{"@type":"ImageObject","inLanguage":"pt-BR","@id":"https:\/\/nanosites.com.br\/modelo\/politica-de-privacidade\/#primaryimage","url":"https:\/\/nanosites.com.br\/modelo\/wp-content\/uploads\/2024\/09\/LOGO_NANOSITES.png","contentUrl":"https:\/\/nanosites.com.br\/modelo\/wp-content\/uploads\/2024\/09\/LOGO_NANOSITES.png","width":800,"height":213},{"@type":"BreadcrumbList","@id":"https:\/\/nanosites.com.br\/modelo\/politica-de-privacidade\/#breadcrumb","itemListElement":[{"@type":"ListItem","position":1,"name":"In\u00edcio","item":"https:\/\/nanosites.com.br\/modelo\/"},{"@type":"ListItem","position":2,"name":"Pol\u00edtica de Privacidade"}]},{"@type":"WebSite","@id":"https:\/\/nanosites.com.br\/modelo\/#website","url":"https:\/\/nanosites.com.br\/modelo\/","name":"NANOSITES - Zona Zero Intelig\u00eancia Digital","description":"Pequenos Sites Grandes Resultados","publisher":{"@id":"https:\/\/nanosites.com.br\/modelo\/#organization"},"alternateName":"Sua Marca na Internet!","potentialAction":[{"@type":"SearchAction","target":{"@type":"EntryPoint","urlTemplate":"https:\/\/nanosites.com.br\/modelo\/?s={search_term_string}"},"query-input":{"@type":"PropertyValueSpecification","valueRequired":true,"valueName":"search_term_string"}}],"inLanguage":"pt-BR"},{"@type":"Organization","@id":"https:\/\/nanosites.com.br\/modelo\/#organization","name":"NANOSITES - Zona Zero Intelig\u00eancia Digital","url":"https:\/\/nanosites.com.br\/modelo\/","logo":{"@type":"ImageObject","inLanguage":"pt-BR","@id":"https:\/\/nanosites.com.br\/modelo\/#\/schema\/logo\/image\/","url":"https:\/\/nanosites.com.br\/modelo\/wp-content\/uploads\/2024\/09\/logosite.png","contentUrl":"https:\/\/nanosites.com.br\/modelo\/wp-content\/uploads\/2024\/09\/logosite.png","width":850,"height":221,"caption":"NANOSITES - Zona Zero Intelig\u00eancia Digital"},"image":{"@id":"https:\/\/nanosites.com.br\/modelo\/#\/schema\/logo\/image\/"},"sameAs":["https:\/\/www.facebook.com\/zonazerointeligenciadigital","https:\/\/www.instagram.com\/zonazerocom\/","https:\/\/br.pinterest.com\/zonazerocom\/"]}]}},"_links":{"self":[{"href":"https:\/\/nanosites.com.br\/modelo\/wp-json\/wp\/v2\/pages\/394","targetHints":{"allow":["GET"]}}],"collection":[{"href":"https:\/\/nanosites.com.br\/modelo\/wp-json\/wp\/v2\/pages"}],"about":[{"href":"https:\/\/nanosites.com.br\/modelo\/wp-json\/wp\/v2\/types\/page"}],"author":[{"embeddable":true,"href":"https:\/\/nanosites.com.br\/modelo\/wp-json\/wp\/v2\/users\/1"}],"replies":[{"embeddable":true,"href":"https:\/\/nanosites.com.br\/modelo\/wp-json\/wp\/v2\/comments?post=394"}],"version-history":[{"count":0,"href":"https:\/\/nanosites.com.br\/modelo\/wp-json\/wp\/v2\/pages\/394\/revisions"}],"wp:attachment":[{"href":"https:\/\/nanosites.com.br\/modelo\/wp-json\/wp\/v2\/media?parent=394"}],"curies":[{"name":"wp","href":"https:\/\/api.w.org\/{rel}","templated":true}]}}